{"id":1357,"date":"2019-05-08T11:58:20","date_gmt":"2019-05-08T09:58:20","guid":{"rendered":"https:\/\/www.tramunexcavacions.cat\/politica-de-cookies\/"},"modified":"2019-08-08T09:47:51","modified_gmt":"2019-08-08T07:47:51","slug":"privacy-policy","status":"publish","type":"page","link":"https:\/\/www.tramunexcavacions.cat\/en\/privacy-policy\/","title":{"rendered":"Privacy Policy and Cookies"},"content":{"rendered":"\n<h2 class=\"wp-block-heading\">PRIVACIDAD<\/h2>\n\n\n\n<h3 class=\"wp-block-heading\">Responsable \u2013 \u00bfqui\u00e9n es el responsable del tratamiento de los datos?<\/h3>\n\n\n\n<p><strong>Identidad:<\/strong>&nbsp;TRAMUN EXCAVACIONS I PERFORACIONS, S.L.<br><strong>Domicilio social:<\/strong>&nbsp;Carretera Castelladral, s\/n Suria, Barcelona, 08260<br><strong>CIF:<\/strong>&nbsp;B60535721<br><strong>Tel\u00e9fono:<\/strong>&nbsp;938 69 68 60<br><strong>Correo Electr\u00f3nico:<\/strong>&nbsp;tramunsl@gmail.com<br><strong>Contacto:<\/strong>&nbsp;Tramun<br><strong>Nombre del dominio:<\/strong>&nbsp;tramunexcavacions.cat<br><\/p>\n\n\n\n<h3 class=\"wp-block-heading\">Finalidades \u2013 \u00bfcon qu\u00e9 finalidades tratamos tus datos?<\/h3>\n\n\n\n<p>En cumplimiento de lo dispuesto en el Reglamento Europeo 2016\/679 General de Protecci\u00f3n de Datos, te informamos de que trataremos los datos que nos facilitas para:<\/p>\n\n\n\n<ul class=\"wp-block-list\"><li>Gestionar la contrataci\u00f3n de servicios que realice a trav\u00e9s de la Plataforma, as\u00ed como la facturaci\u00f3n y entrega correspondiente.<\/li><li>Remitir peri\u00f3dicamente comunicaciones sobre servicios, eventos y noticias relacionadas con las actividades desarrolladas por TRAMUN EXCAVACIONS I PERFORACIONS, S.L., por cualquier medio (tel\u00e9fono, correo postal o email), salvo que se indique lo contrario o el usuario se oponga o revoque su consentimiento.<\/li><li>Remitir informaci\u00f3n comercial y \/ o promocional relacionada con el sector de servicios contratados y valor a\u00f1adido para usuarios finales, salvo que se indique lo contrario o el usuario se oponga o revoque su consentimiento.<\/li><li>Dar cumplimiento a las obligaciones legalmente establecidas, as\u00ed como verificar el cumplimiento de las obligaciones contractuales, inclu\u00eda la prevenci\u00f3n de fraude.<\/li><li>Cesi\u00f3n de datos a organismos y autoridades, siempre y cuando sean requeridos de conformidad con las disposiciones legales y reglamentarias.<\/li><\/ul>\n\n\n\n<h3 class=\"wp-block-heading\">Categor\u00edas de datos \u2013 \u00bfQu\u00e9 datos tratamos?<\/h3>\n\n\n\n<p>Derivada de las finalidades antes mencionadas, en TRAMUN EXCAVACIONS I PERFORACIONS, S.L. gestionamos las siguientes categor\u00edas de datos:<\/p>\n\n\n\n<ul class=\"wp-block-list\"><li>Datos identificativos<\/li><li>Metadatos de comunicaciones electr\u00f3nicas<\/li><li>Datos de informaci\u00f3n comercial. En caso de que el usuario facilite datos de terceros, manifiesta contar con el consentimiento de estos y se compromete a trasladarle la informaci\u00f3n contenida en esta cl\u00e1usula, eximiendo a TRAMUN EXCAVACIONS I PERFORACIONS, S.L. de cualquier responsabilidad en este sentido.<\/li><li>No obstante, TRAMUN EXCAVACIONS I PERFORACIONS, S.L. podr\u00e1 llevar a cabo las verificaciones para constatar este hecho, adoptando las medidas de diligencia debida que correspondan, conforme a la normativa de protecci\u00f3n de datos.<\/li><\/ul>\n\n\n\n<h3 class=\"wp-block-heading\">Legitimaci\u00f3n \u2013 \u00bfcu\u00e1l es la legitimaci\u00f3n para el tratamiento de tus datos?<\/h3>\n\n\n\n<p>El tratamiento de datos cuyo fin es el env\u00edo de boletines peri\u00f3dicos (newslettering) sobre servicios, eventos y noticias relacionadas con nuestra actividad profesional se basa en el consentimiento del interesado, solicitado expresamente para llevar a cabo dichos tratamientos, de acuerdo con la normativa vigente.<br>Adem\u00e1s, la legitimaci\u00f3n para el tratamiento de los datos relacionados con ofertas o colaboraciones se basan en el consentimiento del usuario que remite sus datos, que puede retirar en cualquier momento, si bien ello puede afectar a la posible comunicaci\u00f3n de forma fluida y obstrucci\u00f3n de procesos que desea realizar.<br>Por \u00faltimo, los datos se podr\u00e1n utilizar para dar cumplimiento a las obligaciones legales aplicables a TRAMUN EXCAVACIONS I PERFORACIONS, S.L.<\/p>\n\n\n\n<h3 class=\"wp-block-heading\">Plazo de Conservaci\u00f3n de los Datos \u2013 \u00bfPor cu\u00e1nto tiempo conservaremos tus datos?<\/h3>\n\n\n\n<p>TRAMUN EXCAVACIONS I PERFORACIONS, S.L. conservar\u00e1 los datos personales de los usuarios \u00fanicamente durante el tiempo necesario para la realizaci\u00f3n de las finalidades para las que fueron recogidos, mientras no revoque los consentimientos otorgados. Posteriormente, en caso de ser necesario, mantendr\u00e1 la informaci\u00f3n bloqueada durante los plazos legalmente establecidos.<\/p>\n\n\n\n<h3 class=\"wp-block-heading\">Destinatarios \u00bfA qu\u00e9 destinatarios se comunicar\u00e1n tus datos?<\/h3>\n\n\n\n<p>Tus datos podr\u00e1n ser accedidos por aquellos proveedores que prestan servicios a TRAMUN EXCAVACIONS I PERFORACIONS, S.L., tales como servicios de alojamiento, herramientas de marketing y sistemas de contenido u otros profesionales, cuando dicha comunicaci\u00f3n sea necesaria normativamente, o para la ejecuci\u00f3n de los servicios contratados.<br><br>TRAMUN EXCAVACIONS I PERFORACIONS, S.L., ha suscrito los correspondientes contratos de encargo de tratamiento con cada uno de los proveedores que prestan servicios a TRAMUN EXCAVACIONS I PERFORACIONS, S.L., con el objetivo de garantizar que dichos proveedores tratar\u00e1n tus datos de conformidad con lo establecido en la legislaci\u00f3n vigente.<br><br>Tambi\u00e9n podr\u00e1n ser cedidos a las Fuerzas y Cuerpos de Seguridad del Estado en los casos que exista una obligaci\u00f3n legal.<br><br>Bancos y entidades financieras, para el cobro de los servicios.<br>Administraciones p\u00fablicas con competencia en los sectores de actividad, cuando as\u00ed lo establezca la normativa vigente.<\/p>\n\n\n\n<h3 class=\"wp-block-heading\">Seguridad de la Informaci\u00f3n \u2013 \u00bfQu\u00e9 medidas de seguridad implantamos para cuidar sus datos?<\/h3>\n\n\n\n<p>Para proteger las diferentes tipolog\u00edas de datos reflejados en esta pol\u00edtica de privacidad llevar\u00e1 a cabo las medidas de seguridad t\u00e9cnicas necesarias para evitar su p\u00e9rdida, manipulaci\u00f3n, difusi\u00f3n o alteraci\u00f3n.<\/p>\n\n\n\n<ul class=\"wp-block-list\"><li>Encriptaci\u00f3n de las comunicaciones entre el dispositivo del usuario y los servidores de TRAMUN EXCAVACIONS I PERFORACIONS, S.L.&nbsp;<\/li><li>Encriptaci\u00f3n de la informaci\u00f3n en los propios servidores de TRAMUN EXCAVACIONS I PERFORACIONS, S.L.<\/li><li>Otras medidas que eviten el acceso a los datos del usuario por parte de terceros.<\/li><li>En aquellos casos en los que TRAMUN EXCAVACIONS I PERFORACIONS, S.L. cuente con prestadores de servicio para el mantenimiento de la plataforma que se encuentren fuera de la Uni\u00f3n Europea, estas trasferencias internacionales se hayan regularizadas atendiendo al compromiso de TRAMUN EXCAVACIONS I PERFORACIONS, S.L. con la protecci\u00f3n, integridad y seguridad de los datos personales de los usuarios.<\/li><\/ul>\n\n\n\n<h3 class=\"wp-block-heading\">Derechos \u2013 \u00bfCu\u00e1les son tus derechos cuando nos facilitas tus datos y c\u00f3mo puedes ejercerlos?<\/h3>\n\n\n\n<p>Tienes derecho a obtener confirmaci\u00f3n sobre si en TRAMUN EXCAVACIONS I PERFORACIONS, S.L. estamos tratando datos personales que te conciernan, o no.<br>Asimismo, tienes derecho a acceder a tus datos personales, as\u00ed como a solicitar la rectificaci\u00f3n de los datos inexactos o, en su caso, solicitar su supresi\u00f3n cuando, entre otros motivos, los datos ya no sean necesarios para los fines que fueron recogidos.<br><br>En determinadas circunstancias, podr\u00e1s solicitar la limitaci\u00f3n del tratamiento de tus datos, en cuyo caso \u00fanicamente los conservaremos para el ejercicio o la defensa de reclamaciones.<br>En determinadas circunstancias y por motivos relacionados con tu situaci\u00f3n particular, podr\u00e1s oponerte al tratamiento de tus datos. TRAMUN EXCAVACIONS I PERFORACIONS, S.L. dejar\u00e1 de tratar los datos, salvo por motivos leg\u00edtimos imperiosos, o el ejercicio o la defensa de posibles reclamaciones.<br><br>Asimismo, puedes ejercer el derecho a la portabilidad de los datos, as\u00ed como retirar los consentimientos facilitados en cualquier momento, sin que ello afecte a la licitud del tratamiento basado en el consentimiento previo a su retirada.<br><br>Si deseas hacer uso de cualquiera de tus derechos puede dirigirse a&nbsp;<a href=\"mailto:tramunsl@gmail.com\">tramunsl@gmail.com<\/a>.&nbsp;<br><br>Por \u00faltimo, te informamos que puedes dirigirte ante la Agencia Espa\u00f1ola de Protecci\u00f3n de Datos y dem\u00e1s organismos p\u00fablicos competentes para cualquier reclamaci\u00f3n derivada del tratamiento de tus datos personales.<\/p>\n\n\n\n<h3 class=\"wp-block-heading\">Modificaci\u00f3n de la pol\u00edtica de privacidad&nbsp;<\/h3>\n\n\n\n<p>TRAMUN EXCAVACIONS I PERFORACIONS, S.L. podr\u00e1 modificar la presente Pol\u00edtica de Privacidad en cualquier momento, siendo publicadas las sucesivas versiones en el Sitio Web. En cualquier caso, TRAMUN EXCAVACIONS I PERFORACIONS, S.L. comunicar\u00e1 con previo aviso las modificaciones de la presente pol\u00edtica que afecten a los usuarios a fin de que puedan aceptar las mismas.&nbsp;<br><br>La presente Pol\u00edtica de Privacidad se encuentra actualizada a fecha 08\/08\/2019 TRAMUN EXCAVACIONS I PERFORACIONS, S.L. (Espa\u00f1a). Reservados todos los derechos.&nbsp;<br><\/p>\n\n\n\n<h2>POL\u00cdTICA DE COOKIES<\/h2>\nUna cookie es un peque\u00f1o fichero de texto que se almacena en su navegador cuando visita casi cualquier p\u00e1gina web. Su utilidad es que la web sea capaz de recordar su visita cuando vuelva a navegar por esa p\u00e1gina. Las cookies suelen almacenar informaci\u00f3n de car\u00e1cter t\u00e9cnico, preferencias personales, personalizaci\u00f3n de contenidos, estad\u00edsticas de uso, enlaces a redes sociales, acceso a cuentas de usuario, etc. El objetivo de la cookie es adaptar el contenido de la web a su perfil y necesidades, sin cookies los servicios ofrecidos por cualquier p\u00e1gina se ver\u00edan mermados notablemente. Si desea consultar m\u00e1s informaci\u00f3n sobre qu\u00e9 son las cookies, qu\u00e9 almacenan, c\u00f3mo eliminarlas, desactivarlas, etc., le rogamos se dirija a este enlace.\n\n<h2>COOKIES UTILIZADAS EN ESTE SITIO WEB<\/h2>\nSiguiendo las directrices de la Agencia Espa\u00f1ola de Protecci\u00f3n de Datos procedemos a detallar el uso de cookies que hace esta web con el fin de informarle con la m\u00e1xima exactitud posible.\n\nEste sitio web utiliza las siguientes cookies propias:\n\nCookies de sesi\u00f3n, para garantizar que los usuarios que escriban comentarios en el blog sean humanos y no aplicaciones automatizadas. De esta forma se combate el spam.\nEste sitio web utiliza las siguientes cookies de terceros:\n\nGoogle Analytics: Almacena cookies para poder elaborar estad\u00edsticas sobre el tr\u00e1fico y volumen de visitas de esta web. Al utilizar este sitio web est\u00e1 consintiendo el tratamiento de informaci\u00f3n acerca de usted por Google. Por tanto, el ejercicio de cualquier derecho en este sentido deber\u00e1 hacerlo comunicando directamente con Google.\nRedes sociales: Cada red social utiliza sus propias cookies para que usted pueda pinchar en botones del tipo Me gusta o Compartir.\n\n<h2>DESACTIVACI\u00d3N O ELIMINACI\u00d3N DE COOKIES<\/h2>\nEn cualquier momento podr\u00e1 ejercer su derecho de desactivaci\u00f3n o eliminaci\u00f3n de cookies de este sitio web. Estas acciones se realizan de forma diferente en funci\u00f3n del navegador que est\u00e9 usando. Aqu\u00ed le dejamos una gu\u00eda r\u00e1pida para los navegadores m\u00e1s populares.\n\n<h2>NOTAS ADICIONALES<\/h2>\nNi esta web ni sus representantes legales se hacen responsables ni del contenido ni de la veracidad de las pol\u00edticas de privacidad que puedan tener los terceros mencionados en esta pol\u00edtica de cookies.\nLos navegadores web son las herramientas encargadas de almacenar las cookies y desde este lugar debe efectuar su derecho a eliminaci\u00f3n o desactivaci\u00f3n de las mismas. Ni esta web ni sus representantes legales pueden garantizar la correcta o incorrecta manipulaci\u00f3n de las cookies por parte de los mencionados navegadores.\nEn algunos casos es necesario instalar cookies para que el navegador no olvide su decisi\u00f3n de no aceptaci\u00f3n de las mismas.\nEn el caso de las cookies de Google Analytics, esta empresa almacena las cookies en servidores ubicados en Estados Unidos y se compromete a no compartirla con terceros, excepto en los casos en los que sea necesario para el funcionamiento del sistema o cuando la ley obligue a tal efecto. Seg\u00fan Google no guarda su direcci\u00f3n IP. Google Inc. es una compa\u00f1\u00eda adherida al Acuerdo de Puerto Seguro que garantiza que todos los datos transferidos ser\u00e1n tratados con un nivel de protecci\u00f3n acorde a la normativa europea. Puede consultar informaci\u00f3n detallada a este respecto en este enlace. Si desea informaci\u00f3n sobre el uso que Google da a las cookies le adjuntamos este otro enlace.\nPara cualquier duda o consulta acerca de esta pol\u00edtica de cookies no dude en comunicarse con nosotros a trav\u00e9s de la secci\u00f3n de contacto.\n","protected":false},"excerpt":{"rendered":"<p>PRIVACIDAD Responsable \u2013 \u00bfqui\u00e9n es el responsable del tratamiento de los datos? Identidad:&nbsp;TRAMUN EXCAVACIONS I PERFORACIONS, S.L.Domicilio social:&nbsp;Carretera Castelladral, s\/n Suria, Barcelona, 08260CIF:&nbsp;B60535721Tel\u00e9fono:&nbsp;938 69 68 60Correo<span class=\"excerpt-hellip\"> [\u2026]<\/span><\/p>\n","protected":false},"author":1,"featured_media":0,"parent":0,"menu_order":0,"comment_status":"closed","ping_status":"closed","template":"","meta":{"footnotes":""},"class_list":["post-1357","page","type-page","status-publish","hentry"],"yoast_head":"<!-- This site is optimized with the Yoast SEO plugin v26.3 - https:\/\/yoast.com\/wordpress\/plugins\/seo\/ -->\n<title>Privacy Policy and Cookies - Excavacions Tramun<\/title>\n<meta name=\"robots\" content=\"noindex, follow\" \/>\n<meta property=\"og:locale\" content=\"en_US\" \/>\n<meta property=\"og:type\" content=\"article\" \/>\n<meta property=\"og:title\" content=\"Privacy Policy and Cookies - Excavacions Tramun\" \/>\n<meta property=\"og:description\" content=\"PRIVACIDAD Responsable \u2013 \u00bfqui\u00e9n es el responsable del tratamiento de los datos? Identidad:&nbsp;TRAMUN EXCAVACIONS I PERFORACIONS, S.L.Domicilio social:&nbsp;Carretera Castelladral, s\/n Suria, Barcelona, 08260CIF:&nbsp;B60535721Tel\u00e9fono:&nbsp;938 69 68 60Correo [\u2026]\" \/>\n<meta property=\"og:url\" content=\"https:\/\/www.tramunexcavacions.cat\/en\/privacy-policy\/\" \/>\n<meta property=\"og:site_name\" content=\"Excavacions Tramun\" \/>\n<meta property=\"article:modified_time\" content=\"2019-08-08T07:47:51+00:00\" \/>\n<meta name=\"twitter:card\" content=\"summary_large_image\" \/>\n<meta name=\"twitter:label1\" content=\"Est. reading time\" \/>\n\t<meta name=\"twitter:data1\" content=\"9 minutes\" \/>\n<script type=\"application\/ld+json\" class=\"yoast-schema-graph\">{\"@context\":\"https:\/\/schema.org\",\"@graph\":[{\"@type\":\"WebPage\",\"@id\":\"https:\/\/www.tramunexcavacions.cat\/en\/privacy-policy\/\",\"url\":\"https:\/\/www.tramunexcavacions.cat\/en\/privacy-policy\/\",\"name\":\"Privacy Policy and Cookies - Excavacions Tramun\",\"isPartOf\":{\"@id\":\"https:\/\/www.tramunexcavacions.cat\/#website\"},\"datePublished\":\"2019-05-08T09:58:20+00:00\",\"dateModified\":\"2019-08-08T07:47:51+00:00\",\"breadcrumb\":{\"@id\":\"https:\/\/www.tramunexcavacions.cat\/en\/privacy-policy\/#breadcrumb\"},\"inLanguage\":\"en-US\",\"potentialAction\":[{\"@type\":\"ReadAction\",\"target\":[\"https:\/\/www.tramunexcavacions.cat\/en\/privacy-policy\/\"]}]},{\"@type\":\"BreadcrumbList\",\"@id\":\"https:\/\/www.tramunexcavacions.cat\/en\/privacy-policy\/#breadcrumb\",\"itemListElement\":[{\"@type\":\"ListItem\",\"position\":1,\"name\":\"Inici\",\"item\":\"https:\/\/www.tramunexcavacions.cat\/en\/\"},{\"@type\":\"ListItem\",\"position\":2,\"name\":\"Privacy Policy and Cookies\"}]},{\"@type\":\"WebSite\",\"@id\":\"https:\/\/www.tramunexcavacions.cat\/#website\",\"url\":\"https:\/\/www.tramunexcavacions.cat\/\",\"name\":\"Excavacions Tramun\",\"description\":\"\",\"potentialAction\":[{\"@type\":\"SearchAction\",\"target\":{\"@type\":\"EntryPoint\",\"urlTemplate\":\"https:\/\/www.tramunexcavacions.cat\/?s={search_term_string}\"},\"query-input\":{\"@type\":\"PropertyValueSpecification\",\"valueRequired\":true,\"valueName\":\"search_term_string\"}}],\"inLanguage\":\"en-US\"}]}<\/script>\n<!-- \/ Yoast SEO plugin. -->","yoast_head_json":{"title":"Privacy Policy and Cookies - Excavacions Tramun","robots":{"index":"noindex","follow":"follow"},"og_locale":"en_US","og_type":"article","og_title":"Privacy Policy and Cookies - Excavacions Tramun","og_description":"PRIVACIDAD Responsable \u2013 \u00bfqui\u00e9n es el responsable del tratamiento de los datos? Identidad:&nbsp;TRAMUN EXCAVACIONS I PERFORACIONS, S.L.Domicilio social:&nbsp;Carretera Castelladral, s\/n Suria, Barcelona, 08260CIF:&nbsp;B60535721Tel\u00e9fono:&nbsp;938 69 68 60Correo [\u2026]","og_url":"https:\/\/www.tramunexcavacions.cat\/en\/privacy-policy\/","og_site_name":"Excavacions Tramun","article_modified_time":"2019-08-08T07:47:51+00:00","twitter_card":"summary_large_image","twitter_misc":{"Est. reading time":"9 minutes"},"schema":{"@context":"https:\/\/schema.org","@graph":[{"@type":"WebPage","@id":"https:\/\/www.tramunexcavacions.cat\/en\/privacy-policy\/","url":"https:\/\/www.tramunexcavacions.cat\/en\/privacy-policy\/","name":"Privacy Policy and Cookies - Excavacions Tramun","isPartOf":{"@id":"https:\/\/www.tramunexcavacions.cat\/#website"},"datePublished":"2019-05-08T09:58:20+00:00","dateModified":"2019-08-08T07:47:51+00:00","breadcrumb":{"@id":"https:\/\/www.tramunexcavacions.cat\/en\/privacy-policy\/#breadcrumb"},"inLanguage":"en-US","potentialAction":[{"@type":"ReadAction","target":["https:\/\/www.tramunexcavacions.cat\/en\/privacy-policy\/"]}]},{"@type":"BreadcrumbList","@id":"https:\/\/www.tramunexcavacions.cat\/en\/privacy-policy\/#breadcrumb","itemListElement":[{"@type":"ListItem","position":1,"name":"Inici","item":"https:\/\/www.tramunexcavacions.cat\/en\/"},{"@type":"ListItem","position":2,"name":"Privacy Policy and Cookies"}]},{"@type":"WebSite","@id":"https:\/\/www.tramunexcavacions.cat\/#website","url":"https:\/\/www.tramunexcavacions.cat\/","name":"Excavacions Tramun","description":"","potentialAction":[{"@type":"SearchAction","target":{"@type":"EntryPoint","urlTemplate":"https:\/\/www.tramunexcavacions.cat\/?s={search_term_string}"},"query-input":{"@type":"PropertyValueSpecification","valueRequired":true,"valueName":"search_term_string"}}],"inLanguage":"en-US"}]}},"_links":{"self":[{"href":"https:\/\/www.tramunexcavacions.cat\/en\/wp-json\/wp\/v2\/pages\/1357","targetHints":{"allow":["GET"]}}],"collection":[{"href":"https:\/\/www.tramunexcavacions.cat\/en\/wp-json\/wp\/v2\/pages"}],"about":[{"href":"https:\/\/www.tramunexcavacions.cat\/en\/wp-json\/wp\/v2\/types\/page"}],"author":[{"embeddable":true,"href":"https:\/\/www.tramunexcavacions.cat\/en\/wp-json\/wp\/v2\/users\/1"}],"replies":[{"embeddable":true,"href":"https:\/\/www.tramunexcavacions.cat\/en\/wp-json\/wp\/v2\/comments?post=1357"}],"version-history":[{"count":3,"href":"https:\/\/www.tramunexcavacions.cat\/en\/wp-json\/wp\/v2\/pages\/1357\/revisions"}],"predecessor-version":[{"id":1362,"href":"https:\/\/www.tramunexcavacions.cat\/en\/wp-json\/wp\/v2\/pages\/1357\/revisions\/1362"}],"wp:attachment":[{"href":"https:\/\/www.tramunexcavacions.cat\/en\/wp-json\/wp\/v2\/media?parent=1357"}],"curies":[{"name":"wp","href":"https:\/\/api.w.org\/{rel}","templated":true}]}}